{"id":80,"date":"2016-08-08T16:38:00","date_gmt":"2016-08-08T15:38:00","guid":{"rendered":"http:\/\/www.lesrestaurantsdesenfants.org\/?page_id=80"},"modified":"2018-05-16T14:18:50","modified_gmt":"2018-05-16T13:18:50","slug":"nos-valeurs","status":"publish","type":"page","link":"http:\/\/www.lesrestaurantsdesenfants.org\/?page_id=80","title":{"rendered":"Nos valeurs"},"content":{"rendered":"<h3 style=\"text-align: center;\"><span style=\"color: #02b6f4;\">\u2013\u2013\u2013<\/span><\/h3>\n<h3><span style=\"color: #02b6f4;\">Vigilance<\/span><\/h3>\n<p>Nous sommes tr\u00e8s conscients de la n\u00e9cessit\u00e9 de prot\u00e9ger les enfants non seulement \u00e0 l&rsquo;ext\u00e9rieur mais \u00e9galement dans le cadre de nos actions.<\/p>\n<p>Ainsi, la premi\u00e8re des pr\u00e9cautions au sein de notre association, c\u2019est que personne ne puisse s&rsquo;isoler avec des enfants. Cela se trouve dans l\u2019architecture des lieux, elle est tr\u00e8s simple et ouverte sur l\u2019ext\u00e9rieur. Tout le monde peut voir se qui se passe et les enfants peuvent entrer sans \u00eatre intimid\u00e9s.<\/p>\n<p>Toute la vie de l\u2019association Les Restaurants Des Enfants\u00a0(LRDE) se passe au vu de tous et il est interdit d&#8217;emmener en dehors des Restaurants un ou plusieurs enfants sans accompagnateurs.<\/p>\n<p>Il ne s\u2019agit pas l\u00e0 d\u2019une mesure de d\u00e9fiance contre qui que ce soit mais c&rsquo;est une r\u00e8gle imp\u00e9rative qui ne doit conna\u00eetre aucune exception. Malgr\u00e9 la gentillesse qui r\u00e8gne au sein de l\u2019association, un drame peut survenir m\u00eame entre les enfants, comme cela s&rsquo;est encore produit r\u00e9cemment dans d&rsquo;autres O.N.G.<\/p>\n<p><img loading=\"lazy\" decoding=\"async\" class=\"alignnone wp-image-84\" src=\"http:\/\/lesrestaurantsdesenfants.org\/wp-content\/uploads\/2016\/08\/LRDE-bulles-150x150.jpg\" alt=\"Bulles au restaurant - Nos valeurs - Les restaurants des enfants\" width=\"775\" height=\"517\" srcset=\"http:\/\/lesrestaurantsdesenfants.org\/wp-content\/uploads\/2016\/08\/LRDE-bulles-300x200.jpg 300w, http:\/\/lesrestaurantsdesenfants.org\/wp-content\/uploads\/2016\/08\/LRDE-bulles-768x512.jpg 768w, http:\/\/lesrestaurantsdesenfants.org\/wp-content\/uploads\/2016\/08\/LRDE-bulles-945x630.jpg 945w, http:\/\/lesrestaurantsdesenfants.org\/wp-content\/uploads\/2016\/08\/LRDE-bulles-600x400.jpg 600w, http:\/\/lesrestaurantsdesenfants.org\/wp-content\/uploads\/2016\/08\/LRDE-bulles.jpg 960w\" sizes=\"auto, (max-width: 775px) 100vw, 775px\" \/><\/p>\n<p><img loading=\"lazy\" decoding=\"async\" class=\"alignnone wp-image-86\" src=\"http:\/\/lesrestaurantsdesenfants.org\/wp-content\/uploads\/2016\/08\/LRDE-bulles3-150x150.jpg\" alt=\"Bulles au restaurant - Nos valeurs - Les restaurants des enfants\" width=\"776\" height=\"517\" srcset=\"http:\/\/lesrestaurantsdesenfants.org\/wp-content\/uploads\/2016\/08\/LRDE-bulles3-300x200.jpg 300w, http:\/\/lesrestaurantsdesenfants.org\/wp-content\/uploads\/2016\/08\/LRDE-bulles3-768x512.jpg 768w, http:\/\/lesrestaurantsdesenfants.org\/wp-content\/uploads\/2016\/08\/LRDE-bulles3-945x630.jpg 945w, http:\/\/lesrestaurantsdesenfants.org\/wp-content\/uploads\/2016\/08\/LRDE-bulles3-600x400.jpg 600w, http:\/\/lesrestaurantsdesenfants.org\/wp-content\/uploads\/2016\/08\/LRDE-bulles3.jpg 960w\" sizes=\"auto, (max-width: 776px) 100vw, 776px\" \/><\/p>\n<p><img loading=\"lazy\" decoding=\"async\" class=\"alignnone wp-image-85\" src=\"http:\/\/lesrestaurantsdesenfants.org\/wp-content\/uploads\/2016\/08\/LRDE-bulles2-150x150.jpg\" alt=\"Bulles au restaurant - Nos valeurs - Les restaurants des enfants\" width=\"776\" height=\"517\" srcset=\"http:\/\/lesrestaurantsdesenfants.org\/wp-content\/uploads\/2016\/08\/LRDE-bulles2-300x200.jpg 300w, http:\/\/lesrestaurantsdesenfants.org\/wp-content\/uploads\/2016\/08\/LRDE-bulles2-768x512.jpg 768w, http:\/\/lesrestaurantsdesenfants.org\/wp-content\/uploads\/2016\/08\/LRDE-bulles2-945x630.jpg 945w, http:\/\/lesrestaurantsdesenfants.org\/wp-content\/uploads\/2016\/08\/LRDE-bulles2-600x400.jpg 600w, http:\/\/lesrestaurantsdesenfants.org\/wp-content\/uploads\/2016\/08\/LRDE-bulles2.jpg 960w\" sizes=\"auto, (max-width: 776px) 100vw, 776px\" \/><\/p>\n<p>&nbsp;<\/p>\n<h3><span style=\"color: #02b6f4;\">Gentillesse<\/span><\/h3>\n<p>C&rsquo;est naturellement que la gentillesse a pris le pouvoir aux restaurants des enfants \u00e0 Phnom Penh. La bienveillance que les enfants ont entre eux est extraordinaire. C&rsquo;est peut-\u00eatre ce qui frappe en premier, cette douceur et cette joie tranquille des enfants qui fr\u00e9quentent les lieux.<\/p>\n<p>Vous aussi, venez visiter Les Restaurants Des Enfants si vous avez l&rsquo;occasion d&rsquo;organiser un voyage au Cambodge. Vous pouvez aussi <a href=\"http:\/\/www.lesrestaurantsdesenfants.org\/?page_id=177\">vous inscrire<\/a><a href=\"http:\/\/www.lesrestaurantsdesenfants.org\/?page_id=177\"> et participer \u00e0 la vie des restaurants des enfants en tant que b\u00e9n\u00e9voles<\/a>.<\/p>\n<p><img loading=\"lazy\" decoding=\"async\" class=\"alignnone wp-image-87\" src=\"http:\/\/lesrestaurantsdesenfants.org\/wp-content\/uploads\/2016\/08\/LRDE-chaises-musicales-150x150.jpg\" alt=\"Chaises musicales - Nos valeurs - Les restaurants des enfants\" width=\"775\" height=\"517\" srcset=\"http:\/\/lesrestaurantsdesenfants.org\/wp-content\/uploads\/2016\/08\/LRDE-chaises-musicales-300x200.jpg 300w, http:\/\/lesrestaurantsdesenfants.org\/wp-content\/uploads\/2016\/08\/LRDE-chaises-musicales-768x512.jpg 768w, http:\/\/lesrestaurantsdesenfants.org\/wp-content\/uploads\/2016\/08\/LRDE-chaises-musicales-945x630.jpg 945w, http:\/\/lesrestaurantsdesenfants.org\/wp-content\/uploads\/2016\/08\/LRDE-chaises-musicales-600x400.jpg 600w, http:\/\/lesrestaurantsdesenfants.org\/wp-content\/uploads\/2016\/08\/LRDE-chaises-musicales.jpg 960w\" sizes=\"auto, (max-width: 775px) 100vw, 775px\" \/><\/p>\n<p><img loading=\"lazy\" decoding=\"async\" class=\"alignnone wp-image-88\" src=\"http:\/\/lesrestaurantsdesenfants.org\/wp-content\/uploads\/2016\/08\/LRDE-chaises-musicales2-150x150.jpg\" alt=\"Chaises musicales - Nos valeurs - Les restaurants des enfants\" width=\"776\" height=\"517\" srcset=\"http:\/\/lesrestaurantsdesenfants.org\/wp-content\/uploads\/2016\/08\/LRDE-chaises-musicales2-300x200.jpg 300w, http:\/\/lesrestaurantsdesenfants.org\/wp-content\/uploads\/2016\/08\/LRDE-chaises-musicales2-768x512.jpg 768w, http:\/\/lesrestaurantsdesenfants.org\/wp-content\/uploads\/2016\/08\/LRDE-chaises-musicales2-945x630.jpg 945w, http:\/\/lesrestaurantsdesenfants.org\/wp-content\/uploads\/2016\/08\/LRDE-chaises-musicales2-600x400.jpg 600w, http:\/\/lesrestaurantsdesenfants.org\/wp-content\/uploads\/2016\/08\/LRDE-chaises-musicales2.jpg 960w\" sizes=\"auto, (max-width: 776px) 100vw, 776px\" \/><\/p>\n<p><img loading=\"lazy\" decoding=\"async\" class=\"alignnone wp-image-89\" src=\"http:\/\/lesrestaurantsdesenfants.org\/wp-content\/uploads\/2016\/08\/LRDE-chaises-musicales3-150x150.jpg\" alt=\"Chaises musicales - Nos valeurs - Les restaurants des enfants\" width=\"517\" height=\"776\" srcset=\"http:\/\/lesrestaurantsdesenfants.org\/wp-content\/uploads\/2016\/08\/LRDE-chaises-musicales3-200x300.jpg 200w, http:\/\/lesrestaurantsdesenfants.org\/wp-content\/uploads\/2016\/08\/LRDE-chaises-musicales3-600x900.jpg 600w, http:\/\/lesrestaurantsdesenfants.org\/wp-content\/uploads\/2016\/08\/LRDE-chaises-musicales3.jpg 640w\" sizes=\"auto, (max-width: 517px) 100vw, 517px\" \/><\/p>\n","protected":false},"excerpt":{"rendered":"<p>\u2013\u2013\u2013 Vigilance Nous sommes tr\u00e8s conscients de la n\u00e9cessit\u00e9 de prot\u00e9ger les enfants non seulement \u00e0 l&rsquo;ext\u00e9rieur mais \u00e9galement dans le cadre de nos actions. Ainsi, la premi\u00e8re des pr\u00e9cautions au sein de notre association, c\u2019est que personne ne puisse s&rsquo;isoler avec des enfants. Cela se trouve dans l\u2019architecture des lieux, elle est tr\u00e8s simple et ouverte sur l\u2019ext\u00e9rieur. Tout le monde peut voir se qui se passe et les enfants peuvent entrer sans \u00eatre intimid\u00e9s. Toute la vie de l\u2019association Les Restaurants Des Enfants\u00a0(LRDE) se passe au vu de tous et il est interdit d&#8217;emmener en dehors des Restaurants un ou plusieurs enfants sans accompagnateurs. Il ne s\u2019agit pas l\u00e0 d\u2019une mesure de d\u00e9fiance contre qui que ce soit mais c&rsquo;est une r\u00e8gle imp\u00e9rative qui ne doit conna\u00eetre aucune exception. Malgr\u00e9 la gentillesse qui r\u00e8gne au sein de l\u2019association, un drame peut survenir m\u00eame entre les enfants, comme cela s&rsquo;est encore produit r\u00e9cemment dans d&rsquo;autres O.N.G. &nbsp; Gentillesse C&rsquo;est naturellement que la gentillesse a pris le pouvoir aux restaurants des enfants \u00e0 Phnom Penh. La bienveillance que les enfants ont entre eux est extraordinaire. C&rsquo;est peut-\u00eatre ce qui frappe en premier, cette douceur et cette joie tranquille des enfants qui fr\u00e9quentent les lieux. Vous aussi, venez visiter Les Restaurants Des Enfants si vous avez l&rsquo;occasion d&rsquo;organiser un voyage au Cambodge. Vous pouvez aussi vous inscrire et participer \u00e0 la vie des restaurants des enfants en tant que b\u00e9n\u00e9voles.<\/p>\n","protected":false},"author":1,"featured_media":0,"parent":0,"menu_order":0,"comment_status":"closed","ping_status":"closed","template":"","meta":{"footnotes":""},"class_list":["post-80","page","type-page","status-publish","hentry"],"_links":{"self":[{"href":"http:\/\/www.lesrestaurantsdesenfants.org\/index.php?rest_route=\/wp\/v2\/pages\/80","targetHints":{"allow":["GET"]}}],"collection":[{"href":"http:\/\/www.lesrestaurantsdesenfants.org\/index.php?rest_route=\/wp\/v2\/pages"}],"about":[{"href":"http:\/\/www.lesrestaurantsdesenfants.org\/index.php?rest_route=\/wp\/v2\/types\/page"}],"author":[{"embeddable":true,"href":"http:\/\/www.lesrestaurantsdesenfants.org\/index.php?rest_route=\/wp\/v2\/users\/1"}],"replies":[{"embeddable":true,"href":"http:\/\/www.lesrestaurantsdesenfants.org\/index.php?rest_route=%2Fwp%2Fv2%2Fcomments&post=80"}],"version-history":[{"count":18,"href":"http:\/\/www.lesrestaurantsdesenfants.org\/index.php?rest_route=\/wp\/v2\/pages\/80\/revisions"}],"predecessor-version":[{"id":414,"href":"http:\/\/www.lesrestaurantsdesenfants.org\/index.php?rest_route=\/wp\/v2\/pages\/80\/revisions\/414"}],"wp:attachment":[{"href":"http:\/\/www.lesrestaurantsdesenfants.org\/index.php?rest_route=%2Fwp%2Fv2%2Fmedia&parent=80"}],"curies":[{"name":"wp","href":"https:\/\/api.w.org\/{rel}","templated":true}]}}