{"id":375,"date":"2018-05-15T16:45:15","date_gmt":"2018-05-15T15:45:15","guid":{"rendered":"http:\/\/www.lesrestaurantsdesenfants.org\/?page_id=375"},"modified":"2023-12-12T15:31:44","modified_gmt":"2023-12-12T14:31:44","slug":"notre-partenariat","status":"publish","type":"page","link":"http:\/\/www.lesrestaurantsdesenfants.org\/?page_id=375","title":{"rendered":"Orphelinat de Prey Chum"},"content":{"rendered":"<h3 style=\"text-align: center;\"><span style=\"color: #02b6f4;\">\u2013\u2013\u2013<\/span><\/h3>\n<div>Depuis 2023, l\u2019association LRDE a repris le soutien financier apport\u00e9 historiquement par l\u2019association ASPECA \u2013 Enfants d\u2019Asie aux enfants de l\u2019<strong>Orphelinat de Prey Chum<\/strong>.<\/p>\n<p>Chaque mois, LRDE ach\u00e8te d\u2019importantes quantit\u00e9s de denr\u00e9es alimentaires et de produits de premi\u00e8re n\u00e9cessit\u00e9, qu\u2019il livre ensuite directement \u00e0 l\u2019Orphelinat de Prey Chum, outre la prise en charge de l\u2019institutrice responsable de l\u2019\u00e9ducation scolaire des enfants.<\/p><\/div>\n<p>&nbsp;<\/p>\n<p>&nbsp;<\/p>\n<p><img loading=\"lazy\" decoding=\"async\" class=\"alignnone wp-image-379 size-large\" title=\"Photos partenariat\" src=\"http:\/\/lesrestaurantsdesenfants.org\/wp-content\/uploads\/2018\/05\/LRDE-Chiiv-Orphelinat-de-Prey-Chum4-1024x768.jpg\" alt=\"Les Restaurants des Enfants - Partenariat\" width=\"960\" height=\"720\" srcset=\"http:\/\/lesrestaurantsdesenfants.org\/wp-content\/uploads\/2018\/05\/LRDE-Chiiv-Orphelinat-de-Prey-Chum4-1024x768.jpg 1024w, http:\/\/lesrestaurantsdesenfants.org\/wp-content\/uploads\/2018\/05\/LRDE-Chiiv-Orphelinat-de-Prey-Chum4-300x225.jpg 300w, http:\/\/lesrestaurantsdesenfants.org\/wp-content\/uploads\/2018\/05\/LRDE-Chiiv-Orphelinat-de-Prey-Chum4-768x576.jpg 768w, http:\/\/lesrestaurantsdesenfants.org\/wp-content\/uploads\/2018\/05\/LRDE-Chiiv-Orphelinat-de-Prey-Chum4-1140x855.jpg 1140w, http:\/\/lesrestaurantsdesenfants.org\/wp-content\/uploads\/2018\/05\/LRDE-Chiiv-Orphelinat-de-Prey-Chum4.jpg 2048w\" sizes=\"auto, (max-width: 960px) 100vw, 960px\" \/> <img loading=\"lazy\" decoding=\"async\" class=\"alignnone wp-image-378 size-large\" title=\"Photo partenariat\" src=\"http:\/\/lesrestaurantsdesenfants.org\/wp-content\/uploads\/2018\/05\/LRDE-Chiiv-Orphelinat-de-Prey-Chum3-1024x768.jpg\" alt=\"Les Restaurants des Enfants - Partenariat\" width=\"960\" height=\"720\" srcset=\"http:\/\/lesrestaurantsdesenfants.org\/wp-content\/uploads\/2018\/05\/LRDE-Chiiv-Orphelinat-de-Prey-Chum3-1024x768.jpg 1024w, http:\/\/lesrestaurantsdesenfants.org\/wp-content\/uploads\/2018\/05\/LRDE-Chiiv-Orphelinat-de-Prey-Chum3-300x225.jpg 300w, http:\/\/lesrestaurantsdesenfants.org\/wp-content\/uploads\/2018\/05\/LRDE-Chiiv-Orphelinat-de-Prey-Chum3-768x576.jpg 768w, http:\/\/lesrestaurantsdesenfants.org\/wp-content\/uploads\/2018\/05\/LRDE-Chiiv-Orphelinat-de-Prey-Chum3-1140x855.jpg 1140w, http:\/\/lesrestaurantsdesenfants.org\/wp-content\/uploads\/2018\/05\/LRDE-Chiiv-Orphelinat-de-Prey-Chum3.jpg 1334w\" sizes=\"auto, (max-width: 960px) 100vw, 960px\" \/><\/p>\n","protected":false},"excerpt":{"rendered":"<p>\u2013\u2013\u2013 Depuis 2023, l\u2019association LRDE a repris le soutien financier apport\u00e9 historiquement par l\u2019association ASPECA \u2013 Enfants d\u2019Asie aux enfants de l\u2019Orphelinat de Prey Chum. Chaque mois, LRDE ach\u00e8te d\u2019importantes quantit\u00e9s de denr\u00e9es alimentaires et de produits de premi\u00e8re n\u00e9cessit\u00e9, qu\u2019il livre ensuite directement \u00e0 l\u2019Orphelinat de Prey Chum, outre la prise en charge de l\u2019institutrice responsable de l\u2019\u00e9ducation scolaire des enfants. &nbsp; &nbsp;<\/p>\n","protected":false},"author":1,"featured_media":0,"parent":0,"menu_order":0,"comment_status":"closed","ping_status":"closed","template":"","meta":{"footnotes":""},"class_list":["post-375","page","type-page","status-publish","hentry"],"_links":{"self":[{"href":"http:\/\/www.lesrestaurantsdesenfants.org\/index.php?rest_route=\/wp\/v2\/pages\/375","targetHints":{"allow":["GET"]}}],"collection":[{"href":"http:\/\/www.lesrestaurantsdesenfants.org\/index.php?rest_route=\/wp\/v2\/pages"}],"about":[{"href":"http:\/\/www.lesrestaurantsdesenfants.org\/index.php?rest_route=\/wp\/v2\/types\/page"}],"author":[{"embeddable":true,"href":"http:\/\/www.lesrestaurantsdesenfants.org\/index.php?rest_route=\/wp\/v2\/users\/1"}],"replies":[{"embeddable":true,"href":"http:\/\/www.lesrestaurantsdesenfants.org\/index.php?rest_route=%2Fwp%2Fv2%2Fcomments&post=375"}],"version-history":[{"count":11,"href":"http:\/\/www.lesrestaurantsdesenfants.org\/index.php?rest_route=\/wp\/v2\/pages\/375\/revisions"}],"predecessor-version":[{"id":511,"href":"http:\/\/www.lesrestaurantsdesenfants.org\/index.php?rest_route=\/wp\/v2\/pages\/375\/revisions\/511"}],"wp:attachment":[{"href":"http:\/\/www.lesrestaurantsdesenfants.org\/index.php?rest_route=%2Fwp%2Fv2%2Fmedia&parent=375"}],"curies":[{"name":"wp","href":"https:\/\/api.w.org\/{rel}","templated":true}]}}