{"id":145,"date":"2016-08-19T13:37:11","date_gmt":"2016-08-19T12:37:11","guid":{"rendered":"http:\/\/www.lesrestaurantsdesenfants.org\/?page_id=145"},"modified":"2025-03-06T17:15:16","modified_gmt":"2025-03-06T16:15:16","slug":"dons","status":"publish","type":"page","link":"http:\/\/www.lesrestaurantsdesenfants.org\/?page_id=145","title":{"rendered":"Dons"},"content":{"rendered":"<h3 style=\"text-align: center;\"><span style=\"color: #02b6f4;\">\u2013\u2013\u2013<\/span><\/h3>\n<p>Vous pouvez effectuer un don ponctuel ou r\u00e9gulier aupr\u00e8s de l\u2019association de droit cambodgien \u00ab Les Restaurants des Enfants \u00bb. A r\u00e9ception de votre message, nos \u00e9quipes au Cambodge ne manqueront pas de vous indiquer les d\u00e9marches \u00e0 suivre.<\/p>\n<p>Si vous souhaitez toutefois imp\u00e9rativement effectuer votre don aupr\u00e8s d\u2019un organisme fran\u00e7ais, et \u00e0 condition que le montant de celui-ci soit au minimum de 100 euros par versement, vous pouvez nous l\u2019adresser :<\/p>\n<p>\u2022 par ch\u00e8que \u00e0 l\u2019ordre de \u00ab\u00a0<strong>Les Restaurants des Enfants<\/strong>\u00a0\u00bb (association fran\u00e7aise) en envoyant le ch\u00e8que \u00e0 l\u2019adresse suivante :<\/p>\n<p style=\"padding-left: 60px;\">Les Restaurants des Enfants<br \/>\n2 rue des petits p\u00e8res<br \/>\n75002 Paris<\/p>\n<p>\u2022 ou par virement bancaire en France sur le compte de l\u2019association fran\u00e7aise \u00ab Les Restaurants des Enfants \u00bb ouvert aupr\u00e8s de BNP PARIBAS.<\/p>\n<p>D\u00e8s l\u2019encaissement de votre don par l\u2019organisme fran\u00e7ais, nous vous adresserons un re\u00e7u fiscal.<\/p>\n<p><span style=\"color: #02b6f4;\"><em>Merci de nous contacter pour que nous vous transmettions le RIB.<\/em><\/span><\/p>\n<p>A noter que la Fondation Jacquin Depeyre nous apporte un soutien r\u00e9gulier et essentiel depuis la cr\u00e9ation de l\u2019association. Elle participe \u00e9galement activement au suivi de nos activit\u00e9s. Pour en savoir plus sur son engagement, n\u2019h\u00e9sitez pas \u00e0 les contacter ou \u00e0 vous rendre sur leur site :\u00a0<a href=\"https:\/\/www.fondationdefrance.org\/fr\/annuaire-des-fondations\/jacquin-depeyre\">FONDATION JACQUIN DEPEYRE &#8211; Fondation de France<\/a>.<\/p>\n<p><em>\u00a0<\/em><\/p>\n<p><img loading=\"lazy\" decoding=\"async\" class=\"alignnone wp-image-153 size-full\" src=\"http:\/\/lesrestaurantsdesenfants.org\/wp-content\/uploads\/2016\/08\/LRDE-priere.jpg\" alt=\"Dons Pri\u00e8re avant repas - Les Restaurants des Enfants\" width=\"960\" height=\"640\" srcset=\"http:\/\/lesrestaurantsdesenfants.org\/wp-content\/uploads\/2016\/08\/LRDE-priere.jpg 960w, http:\/\/lesrestaurantsdesenfants.org\/wp-content\/uploads\/2016\/08\/LRDE-priere-300x200.jpg 300w, http:\/\/lesrestaurantsdesenfants.org\/wp-content\/uploads\/2016\/08\/LRDE-priere-768x512.jpg 768w, http:\/\/lesrestaurantsdesenfants.org\/wp-content\/uploads\/2016\/08\/LRDE-priere-945x630.jpg 945w, http:\/\/lesrestaurantsdesenfants.org\/wp-content\/uploads\/2016\/08\/LRDE-priere-600x400.jpg 600w\" sizes=\"auto, (max-width: 960px) 100vw, 960px\" \/><\/p>\n","protected":false},"excerpt":{"rendered":"<p>\u2013\u2013\u2013 Vous pouvez effectuer un don ponctuel ou r\u00e9gulier aupr\u00e8s de l\u2019association de droit cambodgien \u00ab Les Restaurants des Enfants \u00bb. A r\u00e9ception de votre message, nos \u00e9quipes au Cambodge ne manqueront pas de vous indiquer les d\u00e9marches \u00e0 suivre. Si vous souhaitez toutefois imp\u00e9rativement effectuer votre don aupr\u00e8s d\u2019un organisme fran\u00e7ais, et \u00e0 condition que le montant de celui-ci soit au minimum de 100 euros par versement, vous pouvez nous l\u2019adresser : \u2022 par ch\u00e8que \u00e0 l\u2019ordre de \u00ab\u00a0Les Restaurants des Enfants\u00a0\u00bb (association fran\u00e7aise) en envoyant le ch\u00e8que \u00e0 l\u2019adresse suivante : Les Restaurants des Enfants 2 rue des petits p\u00e8res 75002 Paris \u2022 ou par virement bancaire en France sur le compte de l\u2019association fran\u00e7aise \u00ab Les Restaurants des Enfants \u00bb ouvert aupr\u00e8s de BNP PARIBAS. D\u00e8s l\u2019encaissement de votre don par l\u2019organisme fran\u00e7ais, nous vous adresserons un re\u00e7u fiscal. Merci de nous contacter pour que nous vous transmettions le RIB. A noter que la Fondation Jacquin Depeyre nous apporte un soutien r\u00e9gulier et essentiel depuis la cr\u00e9ation de l\u2019association. Elle participe \u00e9galement activement au suivi de nos activit\u00e9s. Pour en savoir plus sur son engagement, n\u2019h\u00e9sitez pas \u00e0 les contacter ou \u00e0 vous rendre sur leur site :\u00a0FONDATION JACQUIN DEPEYRE &#8211; Fondation de France. \u00a0<\/p>\n","protected":false},"author":1,"featured_media":0,"parent":0,"menu_order":0,"comment_status":"closed","ping_status":"closed","template":"","meta":{"footnotes":""},"class_list":["post-145","page","type-page","status-publish","hentry"],"_links":{"self":[{"href":"http:\/\/www.lesrestaurantsdesenfants.org\/index.php?rest_route=\/wp\/v2\/pages\/145","targetHints":{"allow":["GET"]}}],"collection":[{"href":"http:\/\/www.lesrestaurantsdesenfants.org\/index.php?rest_route=\/wp\/v2\/pages"}],"about":[{"href":"http:\/\/www.lesrestaurantsdesenfants.org\/index.php?rest_route=\/wp\/v2\/types\/page"}],"author":[{"embeddable":true,"href":"http:\/\/www.lesrestaurantsdesenfants.org\/index.php?rest_route=\/wp\/v2\/users\/1"}],"replies":[{"embeddable":true,"href":"http:\/\/www.lesrestaurantsdesenfants.org\/index.php?rest_route=%2Fwp%2Fv2%2Fcomments&post=145"}],"version-history":[{"count":37,"href":"http:\/\/www.lesrestaurantsdesenfants.org\/index.php?rest_route=\/wp\/v2\/pages\/145\/revisions"}],"predecessor-version":[{"id":518,"href":"http:\/\/www.lesrestaurantsdesenfants.org\/index.php?rest_route=\/wp\/v2\/pages\/145\/revisions\/518"}],"wp:attachment":[{"href":"http:\/\/www.lesrestaurantsdesenfants.org\/index.php?rest_route=%2Fwp%2Fv2%2Fmedia&parent=145"}],"curies":[{"name":"wp","href":"https:\/\/api.w.org\/{rel}","templated":true}]}}